{"id":482,"date":"2018-10-06T08:36:23","date_gmt":"2018-10-06T08:36:23","guid":{"rendered":"http:\/\/vyvo.sk\/home-2\/"},"modified":"2024-07-08T00:38:55","modified_gmt":"2024-07-08T00:38:55","slug":"home-2","status":"publish","type":"page","link":"http:\/\/vyvo.sk\/hu\/","title":{"rendered":"HOME"},"content":{"rendered":"<div data-elementor-type=\"wp-post\" data-elementor-id=\"482\" class=\"elementor elementor-482\">\n\t\t\t\t\t\t<section class=\"elementor-section elementor-top-section elementor-element elementor-element-3be0e27 elementor-section-height-full aux-appear-watch-animation aux-fade-in elementor-section-boxed elementor-section-height-default elementor-section-items-middle\" data-id=\"3be0e27\" data-element_type=\"section\" id=\"home\" data-settings=\"{&quot;background_background&quot;:&quot;classic&quot;}\">\n\t\t\t\t\t\t\t<div class=\"elementor-background-overlay\"><\/div>\n\t\t\t\t\t\t\t<div class=\"elementor-container elementor-column-gap-no\">\n\t\t\t\t\t<div class=\"aux-parallax-section elementor-column elementor-col-100 elementor-top-column elementor-element elementor-element-b451e1c\" data-id=\"b451e1c\" data-element_type=\"column\" data-settings=\"{&quot;background_background&quot;:&quot;classic&quot;}\">\n\t\t\t<div class=\"elementor-widget-wrap elementor-element-populated\">\n\t\t\t\t\t\t<div class=\"elementor-element elementor-element-d31db63 aux-appear-watch-animation aux-scale-down elementor-widget__width-initial elementor-widget elementor-widget-aux_modern_heading\" data-id=\"d31db63\" data-element_type=\"widget\" data-widget_type=\"aux_modern_heading.default\">\n\t\t\t\t<div class=\"elementor-widget-container\">\n\t\t\t<section class=\"aux-widget-modern-heading\">\n            <div class=\"aux-widget-inner\"><div class=\"aux-modern-heading-divider\"><\/div><h2 class=\"aux-modern-heading-primary\">Vetern\u00e1 3 -\n931 01 \u0160amor\u00edn<\/h2><h3 class=\"aux-modern-heading-secondary\"><span class=\"aux-head-before\">VY-VO Aut\u00f3siskola Somorja<\/span><\/h3><div class=\"aux-modern-heading-description\"><p>J\u00e1rm\u0171vezet\u0151 oktat\u00e1s szem\u00e9lyg\u00e9pj\u00e1rm\u0171re (B+B1 kateg\u00f3ria) valamint minden motorker\u00e9kp\u00e1r tipusra (AM, A1,A), kond\u00edci\u00f3s vezet\u00e9sek, tov\u00e1bbk\u00e9pz\u0151 tanfolyam<\/p><\/div><\/div>\n        <\/section>\t\t<\/div>\n\t\t\t\t<\/div>\n\t\t\t\t<div class=\"elementor-element elementor-element-f45970d aux-appear-watch-animation aux-fade-in-up elementor-hidden-desktop elementor-hidden-tablet elementor-hidden-mobile elementor-widget elementor-widget-aux_button\" data-id=\"f45970d\" data-element_type=\"widget\" data-widget_type=\"aux_button.default\">\n\t\t\t\t<div class=\"elementor-widget-container\">\n\t\t\t<button   class=\"aux-button aux-medium aux-carmine-pink aux-none aux-uppercase\" ><span class=\"aux-overlay\"><\/span><span class=\"aux-text\">Read More<\/span><\/button>\t\t<\/div>\n\t\t\t\t<\/div>\n\t\t\t\t\t<\/div>\n\t\t<\/div>\n\t\t\t\t\t<\/div>\n\t\t<\/section>\n\t\t\t\t<section class=\"elementor-section elementor-top-section elementor-element elementor-element-6569bb0 elementor-hidden-desktop elementor-hidden-tablet elementor-hidden-mobile elementor-section-boxed elementor-section-height-default elementor-section-height-default\" data-id=\"6569bb0\" data-element_type=\"section\">\n\t\t\t\t\t\t<div class=\"elementor-container elementor-column-gap-no\">\n\t\t\t\t\t<div class=\"aux-parallax-section elementor-column elementor-col-100 elementor-top-column elementor-element elementor-element-ddbe411\" data-id=\"ddbe411\" data-element_type=\"column\">\n\t\t\t<div class=\"elementor-widget-wrap elementor-element-populated\">\n\t\t\t\t\t\t<div class=\"elementor-element elementor-element-070417e aux-appear-watch-animation aux-scale-down elementor-widget elementor-widget-aux_modern_heading\" data-id=\"070417e\" data-element_type=\"widget\" data-widget_type=\"aux_modern_heading.default\">\n\t\t\t\t<div class=\"elementor-widget-container\">\n\t\t\t<section class=\"aux-widget-modern-heading\">\n            <div class=\"aux-widget-inner\"><h2 class=\"aux-modern-heading-primary\">Dokumentumok<\/h2><h3 class=\"aux-modern-heading-secondary\"><span class=\"aux-head-before\">Auto\u0161kola - VYVO<\/span><\/h3><\/div>\n        <\/section>\t\t<\/div>\n\t\t\t\t<\/div>\n\t\t\t\t\t<\/div>\n\t\t<\/div>\n\t\t\t\t\t<\/div>\n\t\t<\/section>\n\t\t\t\t<section class=\"elementor-section elementor-top-section elementor-element elementor-element-63be986 elementor-hidden-desktop elementor-hidden-tablet elementor-hidden-mobile elementor-section-boxed elementor-section-height-default elementor-section-height-default\" data-id=\"63be986\" data-element_type=\"section\">\n\t\t\t\t\t\t<div class=\"elementor-container elementor-column-gap-no\">\n\t\t\t\t\t<div class=\"aux-parallax-section elementor-column elementor-col-50 elementor-top-column elementor-element elementor-element-affb112\" data-id=\"affb112\" data-element_type=\"column\">\n\t\t\t<div class=\"elementor-widget-wrap elementor-element-populated\">\n\t\t\t\t\t\t<div class=\"elementor-element elementor-element-6c43e45 aux-appear-watch-animation aux-scale-up elementor-widget elementor-widget-image\" data-id=\"6c43e45\" data-element_type=\"widget\" data-widget_type=\"image.default\">\n\t\t\t\t<div class=\"elementor-widget-container\">\n\t\t\t\t\t\t\t\t\t\t\t\t\t<img fetchpriority=\"high\" decoding=\"async\" width=\"1280\" height=\"855\" src=\"http:\/\/vyvo.sk\/wp-content\/uploads\/2024\/05\/2022_kia_rio_4dr-hatchback_s_fq_oem_3_1280x855-1.jpg\" class=\"attachment-full size-full wp-image-497\" alt=\"\" srcset=\"http:\/\/vyvo.sk\/wp-content\/uploads\/2024\/05\/2022_kia_rio_4dr-hatchback_s_fq_oem_3_1280x855-1.jpg 1280w, http:\/\/vyvo.sk\/wp-content\/uploads\/2024\/05\/2022_kia_rio_4dr-hatchback_s_fq_oem_3_1280x855-1-200x134.jpg 200w\" sizes=\"(max-width: 1280px) 100vw, 1280px\" \/>\t\t\t\t\t\t\t\t\t\t\t\t\t<\/div>\n\t\t\t\t<\/div>\n\t\t\t\t<div class=\"elementor-element elementor-element-4edc9f6 aux-appear-watch-animation aux-fade-in-right elementor-widget elementor-widget-heading\" data-id=\"4edc9f6\" data-element_type=\"widget\" data-widget_type=\"heading.default\">\n\t\t\t\t<div class=\"elementor-widget-container\">\n\t\t\t<h2 class=\"elementor-heading-title elementor-size-default\">V\u00fdcvik vodi\u010dov na jazdu autom<\/h2>\t\t<\/div>\n\t\t\t\t<\/div>\n\t\t\t\t<div class=\"elementor-element elementor-element-8c91569 aux-appear-watch-animation aux-fade-in elementor-widget elementor-widget-text-editor\" data-id=\"8c91569\" data-element_type=\"widget\" data-widget_type=\"text-editor.default\">\n\t\t\t\t<div class=\"elementor-widget-container\">\n\t\t\t\t\t\t\t<p>skupina &#8211; B + B1<\/p><p><a href=\"http:\/\/vyvo.sk\/wp-content\/uploads\/2024\/06\/Prihlaska-do-autoskoly2010.doc\">Prihl\u00e1\u0161ka do auto\u0161koly2010<\/a><br \/><br \/><a href=\"http:\/\/vyvo.sk\/wp-content\/uploads\/2024\/06\/Ziadost-o-udelenie-VO-2023.pdf\">\u017diados\u0165 o udelenie VO 2023<\/a><\/p>\t\t\t\t\t\t<\/div>\n\t\t\t\t<\/div>\n\t\t\t\t\t<\/div>\n\t\t<\/div>\n\t\t\t\t<div class=\"aux-parallax-section elementor-column elementor-col-50 elementor-top-column elementor-element elementor-element-d2fcb95\" data-id=\"d2fcb95\" data-element_type=\"column\">\n\t\t\t<div class=\"elementor-widget-wrap elementor-element-populated\">\n\t\t\t\t\t\t<div class=\"elementor-element elementor-element-89d85b6 aux-appear-watch-animation aux-scale-up elementor-widget elementor-widget-image\" data-id=\"89d85b6\" data-element_type=\"widget\" data-widget_type=\"image.default\">\n\t\t\t\t<div class=\"elementor-widget-container\">\n\t\t\t\t\t\t\t\t\t\t\t\t\t<img decoding=\"async\" width=\"1440\" height=\"960\" src=\"http:\/\/vyvo.sk\/wp-content\/uploads\/2024\/05\/kawasaki-ninja-500-01.webp\" class=\"attachment-full size-full wp-image-519\" alt=\"\" srcset=\"http:\/\/vyvo.sk\/wp-content\/uploads\/2024\/05\/kawasaki-ninja-500-01.webp 1440w, http:\/\/vyvo.sk\/wp-content\/uploads\/2024\/05\/kawasaki-ninja-500-01-200x133.webp 200w\" sizes=\"(max-width: 1440px) 100vw, 1440px\" \/>\t\t\t\t\t\t\t\t\t\t\t\t\t<\/div>\n\t\t\t\t<\/div>\n\t\t\t\t<div class=\"elementor-element elementor-element-0f2f4ec aux-appear-watch-animation aux-fade-in-right elementor-widget elementor-widget-heading\" data-id=\"0f2f4ec\" data-element_type=\"widget\" data-widget_type=\"heading.default\">\n\t\t\t\t<div class=\"elementor-widget-container\">\n\t\t\t<h2 class=\"elementor-heading-title elementor-size-default\">Kondi\u010dn\u00e9 jazdy, Do\u0161kolovanie<\/h2>\t\t<\/div>\n\t\t\t\t<\/div>\n\t\t\t\t<div class=\"elementor-element elementor-element-d20e51c aux-appear-watch-animation aux-fade-in elementor-widget elementor-widget-text-editor\" data-id=\"d20e51c\" data-element_type=\"widget\" data-widget_type=\"text-editor.default\">\n\t\t\t\t<div class=\"elementor-widget-container\">\n\t\t\t\t\t\t\t<p>jazdy s autom a motorkom<\/p>\t\t\t\t\t\t<\/div>\n\t\t\t\t<\/div>\n\t\t\t\t\t<\/div>\n\t\t<\/div>\n\t\t\t\t\t<\/div>\n\t\t<\/section>\n\t\t\t\t<section class=\"elementor-section elementor-top-section elementor-element elementor-element-64788d2 elementor-section-height-min-height elementor-reverse-tablet elementor-reverse-mobile elementor-section-boxed elementor-section-height-default elementor-section-items-middle\" data-id=\"64788d2\" data-element_type=\"section\" id=\"about\" data-settings=\"{&quot;background_background&quot;:&quot;classic&quot;}\">\n\t\t\t\t\t\t<div class=\"elementor-container elementor-column-gap-no\">\n\t\t\t\t\t<div class=\"aux-parallax-section elementor-column elementor-col-50 elementor-top-column elementor-element elementor-element-c3dea9a\" data-id=\"c3dea9a\" data-element_type=\"column\">\n\t\t\t<div class=\"elementor-widget-wrap elementor-element-populated\">\n\t\t\t\t\t\t<div class=\"elementor-element elementor-element-4796ec9 aux-appear-watch-animation aux-fade-in-up elementor-widget elementor-widget-aux_modern_heading\" data-id=\"4796ec9\" data-element_type=\"widget\" data-widget_type=\"aux_modern_heading.default\">\n\t\t\t\t<div class=\"elementor-widget-container\">\n\t\t\t<section class=\"aux-widget-modern-heading\">\n            <div class=\"aux-widget-inner\"><h2 class=\"aux-modern-heading-primary\">VY-VO aut\u00f3iskola <\/h2><h3 class=\"aux-modern-heading-secondary\"><span class=\"aux-head-before\">R\u00f3lunk<\/span><\/h3><div class=\"aux-modern-heading-divider\"><\/div><div class=\"aux-modern-heading-description\"><p>A VY-VO aut\u00f3iskol\u00e1t S\u00e1tor-\u00c9rsek Tibor alap\u00edtotta 1991-ben \u00e9s az\u00f3ta v\u00e1rja a vezetni v\u00e1gy\u00f3 tanul\u00f3it, hogy a jogos\u00edtv\u00e1ny megszerz\u00e9s\u00e9ben t\u00e1mogassa \u0151ket.<br \/>A tapasztalt, k\u00f6vetkezetes de t\u00fcrelmes oktat\u00f3k priorit\u00e1sa nemcsak a sikeres vizsga abszolv\u00e1l\u00e1sa, hamem a biztons\u00e1gos \u00e9s  felel\u0151ss\u00e9gteljes viselked\u00e9s hossz\u00fat\u00e1von a j\u00e1rm\u0171vezet\u00e9s k\u00f6zben.<br \/>J\u00e1rm\u0171vezet\u0151i oktat\u00f3 tanfolyamokat rendszeresen minden h\u00f3napban ind\u00edtunk.<br \/>Az oktat\u00e1st biztos\u00edtjuk szlov\u00e1k, magyar illetve angol nyelven is.<\/p><\/div><\/div>\n        <\/section>\t\t<\/div>\n\t\t\t\t<\/div>\n\t\t\t\t<div class=\"elementor-element elementor-element-1647f22 elementor-widget elementor-widget-heading\" data-id=\"1647f22\" data-element_type=\"widget\" data-widget_type=\"heading.default\">\n\t\t\t\t<div class=\"elementor-widget-container\">\n\t\t\t<h4 class=\"elementor-heading-title elementor-size-default\">Tanfolyamot biztos\u00edtunk a k\u00f6verkez\u0151 kateg\u00f3ri\u00e1kra:<\/h4>\t\t<\/div>\n\t\t\t\t<\/div>\n\t\t\t\t<div class=\"elementor-element elementor-element-c6ea3c6 elementor-icon-list--layout-traditional elementor-list-item-link-full_width elementor-widget elementor-widget-icon-list\" data-id=\"c6ea3c6\" data-element_type=\"widget\" data-widget_type=\"icon-list.default\">\n\t\t\t\t<div class=\"elementor-widget-container\">\n\t\t\t\t\t<ul class=\"elementor-icon-list-items\">\n\t\t\t\t\t\t\t<li class=\"elementor-icon-list-item\">\n\t\t\t\t\t\t\t\t\t\t<span class=\"elementor-icon-list-text\"><strong>- AM -<\/strong> motorker\u00e9kp\u00e1r 50 cm-ig \/ 15 \u00e9vt\u0151l \/<\/span>\n\t\t\t\t\t\t\t\t\t<\/li>\n\t\t\t\t\t\t\t\t<li class=\"elementor-icon-list-item\">\n\t\t\t\t\t\t\t\t\t\t<span class=\"elementor-icon-list-text\"><strong>- A2 -<\/strong> motorker\u00e9kp\u00e1r 500 cm-ig  \/ 18 \u00e9vt\u0151l \/<\/span>\n\t\t\t\t\t\t\t\t\t<\/li>\n\t\t\t\t\t\t\t\t<li class=\"elementor-icon-list-item\">\n\t\t\t\t\t\t\t\t\t\t<span class=\"elementor-icon-list-text\"><strong>- A -<\/strong> korl\u00e1tlan \/ 24 \u00e9vt\u0151l \/<\/span>\n\t\t\t\t\t\t\t\t\t<\/li>\n\t\t\t\t\t\t\t\t<li class=\"elementor-icon-list-item\">\n\t\t\t\t\t\t\t\t\t\t<span class=\"elementor-icon-list-text\"><strong>- B,B1 -<\/strong> szem\u00e9lyg\u00e9pj\u00e1rm\u0171 \/ 17 \u00e9vt\u0151l \/<\/span>\n\t\t\t\t\t\t\t\t\t<\/li>\n\t\t\t\t\t\t\t\t<li class=\"elementor-icon-list-item\">\n\t\t\t\t\t\t\t\t\t\t<span class=\"elementor-icon-list-text\"><strong>-<\/strong> Tov\u00e1bbk\u00e9pz\u0151 tanfolyam<\/span>\n\t\t\t\t\t\t\t\t\t<\/li>\n\t\t\t\t\t\t\t\t<li class=\"elementor-icon-list-item\">\n\t\t\t\t\t\t\t\t\t\t<span class=\"elementor-icon-list-text\"><strong>-<\/strong> Kond\u00edci\u00f3s vezet\u00e9sek<\/span>\n\t\t\t\t\t\t\t\t\t<\/li>\n\t\t\t\t\t\t\t\t<li class=\"elementor-icon-list-item\">\n\t\t\t\t\t\t\t\t\t\t<span class=\"elementor-icon-list-text\"><strong>-<\/strong> Jogos\u00edtv\u00e1ny b\u0151v\u00edt\u00e9s <strong>A1-r\u0151l A2-re,A2-r\u0151l A-ra <\/strong>speci\u00e1lis vizsg\u00e1val<\/span>\n\t\t\t\t\t\t\t\t\t<\/li>\n\t\t\t\t\t\t<\/ul>\n\t\t\t\t<\/div>\n\t\t\t\t<\/div>\n\t\t\t\t<div class=\"elementor-element elementor-element-3ff9007 elementor-widget elementor-widget-text-editor\" data-id=\"3ff9007\" data-element_type=\"widget\" data-widget_type=\"text-editor.default\">\n\t\t\t\t<div class=\"elementor-widget-container\">\n\t\t\t\t\t\t\t<p>Bebiztos\u00edtjuk a k\u00f6telez\u0151 els\u0151seg\u00e9ly kurzus abszolv\u00e1l\u00e1s\u00e1t is.\nN\u00e1lunk lehets\u00e9ges a r\u00e9szletfizet\u00e9s is.<\/p>\t\t\t\t\t\t<\/div>\n\t\t\t\t<\/div>\n\t\t\t\t<div class=\"elementor-element elementor-element-40070c4 aux-appear-watch-animation aux-fade-in-up elementor-widget__width-initial elementor-hidden-desktop elementor-hidden-tablet elementor-hidden-mobile elementor-widget elementor-widget-aux_button\" data-id=\"40070c4\" data-element_type=\"widget\" data-widget_type=\"aux_button.default\">\n\t\t\t\t<div class=\"elementor-widget-container\">\n\t\t\t<button   class=\"aux-button aux-large aux-masala aux-none aux-outline aux-uppercase\" ><span class=\"aux-overlay\"><\/span><span class=\"aux-text\">Read More<\/span><\/button>\t\t<\/div>\n\t\t\t\t<\/div>\n\t\t\t\t\t<\/div>\n\t\t<\/div>\n\t\t\t\t<div class=\"aux-parallax-section elementor-column elementor-col-50 elementor-top-column elementor-element elementor-element-f85f422\" data-id=\"f85f422\" data-element_type=\"column\">\n\t\t\t<div class=\"elementor-widget-wrap elementor-element-populated\">\n\t\t\t\t\t\t<div class=\"elementor-element elementor-element-be3716a aux-appear-watch-animation aux-fade-in-up-2 elementor-widget elementor-widget-image\" data-id=\"be3716a\" data-element_type=\"widget\" data-widget_type=\"image.default\">\n\t\t\t\t<div class=\"elementor-widget-container\">\n\t\t\t\t\t\t\t\t\t\t\t\t\t<img decoding=\"async\" src=\"http:\/\/vyvo.sk\/wp-content\/uploads\/elementor\/thumbs\/nagy-motor-e1718242388426-qpksqpjyo8dgvqc2gpmo3q9jyzixqupqo4tztwj5xo.jpg\" title=\"nagy motor\" alt=\"nagy motor\" loading=\"lazy\" \/>\t\t\t\t\t\t\t\t\t\t\t\t\t<\/div>\n\t\t\t\t<\/div>\n\t\t\t\t<div class=\"elementor-element elementor-element-8b73d2d aux-appear-watch-animation aux-fade-in-up-1 elementor-widget elementor-widget-image\" data-id=\"8b73d2d\" data-element_type=\"widget\" data-widget_type=\"image.default\">\n\t\t\t\t<div class=\"elementor-widget-container\">\n\t\t\t\t\t\t\t\t\t\t\t\t\t<img decoding=\"async\" src=\"http:\/\/vyvo.sk\/wp-content\/uploads\/elementor\/thumbs\/2022_kia_rio_4dr-hatchback_s_fq_oem_3_1280x855-1-qolw0zledrt0peigl7z8i1am4gmjqz7heybomgcqx0.jpg\" title=\"2022_kia_rio_4dr-hatchback_s_fq_oem_3_1280x855\" alt=\"2022_kia_rio_4dr-hatchback_s_fq_oem_3_1280x855\" loading=\"lazy\" \/>\t\t\t\t\t\t\t\t\t\t\t\t\t<\/div>\n\t\t\t\t<\/div>\n\t\t\t\t\t<\/div>\n\t\t<\/div>\n\t\t\t\t\t<\/div>\n\t\t<\/section>\n\t\t\t\t<section class=\"elementor-section elementor-top-section elementor-element elementor-element-21ca342 elementor-section-content-middle elementor-section-boxed elementor-section-height-default elementor-section-height-default\" data-id=\"21ca342\" data-element_type=\"section\" id=\"kontakt\" data-settings=\"{&quot;background_background&quot;:&quot;classic&quot;}\">\n\t\t\t\t\t\t\t<div class=\"elementor-background-overlay\"><\/div>\n\t\t\t\t\t\t\t<div class=\"elementor-container elementor-column-gap-no\">\n\t\t\t\t\t<div class=\"aux-parallax-section elementor-column elementor-col-100 elementor-top-column elementor-element elementor-element-10dd472\" data-id=\"10dd472\" data-element_type=\"column\">\n\t\t\t<div class=\"elementor-widget-wrap elementor-element-populated\">\n\t\t\t\t\t\t<div class=\"elementor-element elementor-element-dc53f8c aux-appear-watch-animation aux-scale-down elementor-widget elementor-widget-aux_modern_heading\" data-id=\"dc53f8c\" data-element_type=\"widget\" data-widget_type=\"aux_modern_heading.default\">\n\t\t\t\t<div class=\"elementor-widget-container\">\n\t\t\t<section class=\"aux-widget-modern-heading\">\n            <div class=\"aux-widget-inner\"><h2 class=\"aux-modern-heading-primary\">Bebiztos\u00edtjuk a k\u00f6telez\u0151 els\u0151seg\u00e9ly kurzus abszolv\u00e1l\u00e1s\u00e1t is,<br>\nami k\u00f6telez\u0151 r\u00e9sze a oktat\u00e1snak valamint a jogos\u00edtv\u00e1ny megszerz\u00e9s\u00e9nek.<\/h2><div class=\"aux-modern-heading-description\"><p id=\"tw-target-text\" class=\"tw-data-text tw-text-large tw-ta\" dir=\"ltr\" data-placeholder=\"Translation\" aria-label=\"Translated text\" data-ved=\"2ahUKEwiEju-NsNeGAxU0_7sIHfVaDGoQ3ewLegQIBRAT\"><span class=\"Y2IQFc\" lang=\"sk\">N\u00e1lunk lehets\u00e9ges a r\u00e9szletfizet\u00e9s is<\/span><\/p><\/div><\/div>\n        <\/section>\t\t<\/div>\n\t\t\t\t<\/div>\n\t\t\t\t\t<\/div>\n\t\t<\/div>\n\t\t\t\t\t<\/div>\n\t\t<\/section>\n\t\t\t\t<section class=\"elementor-section elementor-top-section elementor-element elementor-element-a52aa9f elementor-section-height-min-height elementor-reverse-tablet elementor-reverse-mobile elementor-section-boxed elementor-section-height-default elementor-section-items-middle\" data-id=\"a52aa9f\" data-element_type=\"section\" id=\"dokumenty\" data-settings=\"{&quot;background_background&quot;:&quot;classic&quot;}\">\n\t\t\t\t\t\t<div class=\"elementor-container elementor-column-gap-default\">\n\t\t\t\t\t<div class=\"aux-parallax-section elementor-column elementor-col-50 elementor-top-column elementor-element elementor-element-52d2424\" data-id=\"52d2424\" data-element_type=\"column\">\n\t\t\t<div class=\"elementor-widget-wrap elementor-element-populated\">\n\t\t\t\t\t\t<div class=\"elementor-element elementor-element-d98015e aux-appear-watch-animation aux-fade-in-up-1 elementor-widget elementor-widget-image\" data-id=\"d98015e\" data-element_type=\"widget\" data-widget_type=\"image.default\">\n\t\t\t\t<div class=\"elementor-widget-container\">\n\t\t\t\t\t\t\t\t\t\t\t\t\t<img decoding=\"async\" src=\"http:\/\/vyvo.sk\/wp-content\/uploads\/elementor\/thumbs\/leon-dewiwje-ldDmTgf89gU-unsplash-scaled-e1718241928527-qpksep66obn5v82a0g9hypnjujk5opu9i3sdpfwrh8.jpg\" title=\"leon-dewiwje-ldDmTgf89gU-unsplash\" alt=\"leon-dewiwje-ldDmTgf89gU-unsplash\" loading=\"lazy\" \/>\t\t\t\t\t\t\t\t\t\t\t\t\t<\/div>\n\t\t\t\t<\/div>\n\t\t\t\t<div class=\"elementor-element elementor-element-447d46f aux-appear-watch-animation aux-fade-in-up-2 elementor-widget elementor-widget-image\" data-id=\"447d46f\" data-element_type=\"widget\" data-widget_type=\"image.default\">\n\t\t\t\t<div class=\"elementor-widget-container\">\n\t\t\t\t\t\t\t\t\t\t\t\t\t<img decoding=\"async\" src=\"http:\/\/vyvo.sk\/wp-content\/uploads\/elementor\/thumbs\/alexander-grey-tn57JI3CewI-unsplash-scaled-qpks4dvxoriwh91l8hrv3tch7ce689waf23l5579r0.jpg\" title=\"alexander-grey-tn57JI3CewI-unsplash\" alt=\"alexander-grey-tn57JI3CewI-unsplash\" loading=\"lazy\" \/>\t\t\t\t\t\t\t\t\t\t\t\t\t<\/div>\n\t\t\t\t<\/div>\n\t\t\t\t\t<\/div>\n\t\t<\/div>\n\t\t\t\t<div class=\"aux-parallax-section elementor-column elementor-col-50 elementor-top-column elementor-element elementor-element-7f45c9e\" data-id=\"7f45c9e\" data-element_type=\"column\">\n\t\t\t<div class=\"elementor-widget-wrap elementor-element-populated\">\n\t\t\t\t\t\t<div class=\"elementor-element elementor-element-da1c720 aux-appear-watch-animation aux-fade-in-up elementor-widget elementor-widget-aux_modern_heading\" data-id=\"da1c720\" data-element_type=\"widget\" data-widget_type=\"aux_modern_heading.default\">\n\t\t\t\t<div class=\"elementor-widget-container\">\n\t\t\t<section class=\"aux-widget-modern-heading\">\n            <div class=\"aux-widget-inner\"><h2 class=\"aux-modern-heading-primary\">Dokumentumok<\/h2><h3 class=\"aux-modern-heading-secondary\"><span class=\"aux-head-before\">VY-VO Aut\u00f3iskola<\/span><\/h3><div class=\"aux-modern-heading-divider\"><\/div><div class=\"aux-modern-heading-description\"><p>Jelentkez\u0151lap - <a href=\"http:\/\/vyvo.sk\/wp-content\/uploads\/2024\/06\/Prihlaska-do-autoskoly2010.doc\">Dokumentum 1<\/a><\/p><p>\u017diados\u0165 o udelenie VO 2023 - <a href=\"http:\/\/vyvo.sk\/wp-content\/uploads\/2024\/06\/Ziadost-o-udelenie-VO-2023.pdf\">Dokumentum - 2<\/a>\u00a0- k\u00e9toldalasan kinyomtatni<\/p><\/div><\/div>\n        <\/section>\t\t<\/div>\n\t\t\t\t<\/div>\n\t\t\t\t<div class=\"elementor-element elementor-element-2a45a25 aux-appear-watch-animation aux-fade-in-up-1 elementor-hidden-desktop elementor-hidden-tablet elementor-hidden-mobile elementor-widget elementor-widget-aux_button\" data-id=\"2a45a25\" data-element_type=\"widget\" data-widget_type=\"aux_button.default\">\n\t\t\t\t<div class=\"elementor-widget-container\">\n\t\t\t<button   class=\"aux-button aux-large aux-masala aux-none aux-outline aux-uppercase\" ><span class=\"aux-overlay\"><\/span><span class=\"aux-text\">Read More<\/span><\/button>\t\t<\/div>\n\t\t\t\t<\/div>\n\t\t\t\t\t<\/div>\n\t\t<\/div>\n\t\t\t\t\t<\/div>\n\t\t<\/section>\n\t\t\t\t<\/div>","protected":false},"excerpt":{"rendered":"<p>Vetern\u00e1 3 &#8211; 931 01 \u0160amor\u00edn Auto\u0161kola VYVO v \u0160amor\u00edne V\u00fdcvik vodi\u010dov na jazdu osobn\u00fdm vozidlom (skupina B + B1) a na v\u0161etky druhy motoriek (AM, A1, A), kondi\u010dn\u00e9 jazdy, do\u0161kolovanie a pou\u010denie Read More Dokumenty Auto\u0161kola &#8211; VYVO V\u00fdcvik vodi\u010dov na jazdu autom skupina &#8211; B + B1 Prihl\u00e1\u0161ka do auto\u0161koly2010 \u017diados\u0165 o udelenie [&hellip;]<\/p>","protected":false},"author":1,"featured_media":0,"parent":0,"menu_order":0,"comment_status":"closed","ping_status":"closed","template":"templates\/page-builder-content.php","meta":{"_themeisle_gutenberg_block_has_review":false,"footnotes":""},"class_list":["post-482","page","type-page","status-publish","hentry"],"_links":{"self":[{"href":"http:\/\/vyvo.sk\/hu\/wp-json\/wp\/v2\/pages\/482","targetHints":{"allow":["GET"]}}],"collection":[{"href":"http:\/\/vyvo.sk\/hu\/wp-json\/wp\/v2\/pages"}],"about":[{"href":"http:\/\/vyvo.sk\/hu\/wp-json\/wp\/v2\/types\/page"}],"author":[{"embeddable":true,"href":"http:\/\/vyvo.sk\/hu\/wp-json\/wp\/v2\/users\/1"}],"replies":[{"embeddable":true,"href":"http:\/\/vyvo.sk\/hu\/wp-json\/wp\/v2\/comments?post=482"}],"version-history":[{"count":76,"href":"http:\/\/vyvo.sk\/hu\/wp-json\/wp\/v2\/pages\/482\/revisions"}],"predecessor-version":[{"id":644,"href":"http:\/\/vyvo.sk\/hu\/wp-json\/wp\/v2\/pages\/482\/revisions\/644"}],"wp:attachment":[{"href":"http:\/\/vyvo.sk\/hu\/wp-json\/wp\/v2\/media?parent=482"}],"curies":[{"name":"wp","href":"https:\/\/api.w.org\/{rel}","templated":true}]}}